{"id":2208,"date":"2016-10-03T16:53:38","date_gmt":"2016-10-03T15:53:38","guid":{"rendered":"http:\/\/faroechess.com\/?page_id=2208"},"modified":"2024-09-12T11:48:20","modified_gmt":"2024-09-12T10:48:20","slug":"samband","status":"publish","type":"page","link":"https:\/\/faroechess.com\/?page_id=2208","title":{"rendered":"Samband"},"content":{"rendered":"<p><strong>Talvsamband F\u00f8roya<\/strong><br \/>\nIngi Wiberg, forseti<br \/>\nTv\u00f8rgar\u00f0sg\u00f8ta 15<br \/>\n370 Mi\u00f0v\u00e1gur<br \/>\nF\u00f8royar<br \/>\nTlf. +298 257601<br \/>\nE-mail: ingi@faroechess.com<\/p>\n<p><strong>Nevndin<\/strong><br \/>\nIngi Wiberg, forseti<br \/>\nKatrin D. Apol, n\u00e6stforkvinna<br \/>\nHerborg Hansen, skrivari<br \/>\nBrandur Ellingsgaard, nevndarlimur<br \/>\nKarl Marius Dahl, nevndarlimur<\/p>\n<p><strong>Anna\u00f0<\/strong><br \/>\nR\u00f3gvi Egilstoft Nielsen, kappingarlei\u00f0ari<br \/>\nIngolf Gaard, rating og heimas\u00ed\u00f0a<\/p>\n","protected":false},"excerpt":{"rendered":"<p>Talvsamband F\u00f8roya Ingi Wiberg, forseti Tv\u00f8rgar\u00f0sg\u00f8ta 15 370 Mi\u00f0v\u00e1gur F\u00f8royar Tlf. +298 257601 E-mail: ingi@faroechess.com Nevndin Ingi Wiberg, forseti Katrin D. Apol, n\u00e6stforkvinna Herborg Hansen, skrivari Brandur Ellingsgaard, nevndarlimur Karl &hellip;<\/p>\n","protected":false},"author":1,"featured_media":0,"parent":0,"menu_order":0,"comment_status":"closed","ping_status":"closed","template":"","meta":{"_monsterinsights_skip_tracking":false,"_monsterinsights_sitenote_active":false,"_monsterinsights_sitenote_note":"","_monsterinsights_sitenote_category":0,"footnotes":""},"class_list":["post-2208","page","type-page","status-publish",""],"aioseo_notices":[],"_links":{"self":[{"href":"https:\/\/faroechess.com\/index.php?rest_route=\/wp\/v2\/pages\/2208","targetHints":{"allow":["GET"]}}],"collection":[{"href":"https:\/\/faroechess.com\/index.php?rest_route=\/wp\/v2\/pages"}],"about":[{"href":"https:\/\/faroechess.com\/index.php?rest_route=\/wp\/v2\/types\/page"}],"author":[{"embeddable":true,"href":"https:\/\/faroechess.com\/index.php?rest_route=\/wp\/v2\/users\/1"}],"replies":[{"embeddable":true,"href":"https:\/\/faroechess.com\/index.php?rest_route=%2Fwp%2Fv2%2Fcomments&post=2208"}],"version-history":[{"count":14,"href":"https:\/\/faroechess.com\/index.php?rest_route=\/wp\/v2\/pages\/2208\/revisions"}],"predecessor-version":[{"id":9931,"href":"https:\/\/faroechess.com\/index.php?rest_route=\/wp\/v2\/pages\/2208\/revisions\/9931"}],"wp:attachment":[{"href":"https:\/\/faroechess.com\/index.php?rest_route=%2Fwp%2Fv2%2Fmedia&parent=2208"}],"curies":[{"name":"wp","href":"https:\/\/api.w.org\/{rel}","templated":true}]}}